{"id":20,"date":"2023-03-25T17:11:34","date_gmt":"2023-03-25T17:11:34","guid":{"rendered":"https:\/\/formaggia.faculty.polimi.it\/?page_id=20"},"modified":"2023-03-25T17:11:35","modified_gmt":"2023-03-25T17:11:35","slug":"cookie-policy","status":"publish","type":"page","link":"https:\/\/formaggia.faculty.polimi.it\/?page_id=20","title":{"rendered":"Cookie Policy"},"content":{"rendered":"\n<h2 class=\"wp-block-heading\">Cookie Policy<\/h2>\n\n\n\n<p>La presente Cookie Policy \u00e8 relativa al sito https:\/\/formaggia.faculty.polimi.it\/ gestito dal Dipartimento di Matematica del Politecnico di Milano, P.IVA 04376620151, C.F. 80057930150.<\/p>\n\n\n\n<p>I cookies sono stringhe di testo di piccole dimensioni inviate all\u2019utente del sito web visitato, che vengono memorizzati nel device degli utenti e consentono al sito web di riconoscere gli utenti e memorizzare determinate informazioni su di loro. I cookies possono essere recuperati durante le visite successive.<\/p>\n\n\n\n<p><strong>Il sito non utilizza cookies<\/strong><\/p>\n\n\n\n<p>1.<strong>Tipologia di cookies<\/strong><\/p>\n\n\n\n<p>\u00a7 Cookies tecnici: sono utilizzati per finalit\u00e0 strettamente connesse al corretto funzionamento del sito.<\/p>\n\n\n\n<p>\u00a7 Cookies analytics: sono equiparabili ai cookies tecnici e agli altri identificatori se vengono utilizzati unicamente per produrre statistiche aggregate e in relazione ad un singolo sito o una sola applicazione mobile; viene mascherata, per quelli di terze parti, almeno la quarta componente dell\u2019indirizzo IP; le terze parti si astengono dal combinare i cookie analytics, cos\u00ec minimizzati, con altre elaborazioni o dal trasmetterli ad ulteriori terzi.<\/p>\n\n\n\n<p>\u00a7 Cookie di profilazione: consentono di ottenere informazioni sull\u2019utente e possono essere impiegati per usi non richiesti, come ad esempio la visualizzazione di messaggi pubblicitari in linea con le preferenze manifestate dallo stesso durante la navigazione.<\/p>\n\n\n\n<p>\u00a7 Cookies di Condivisione (Social Buttons Plugins e Widget)1: sul sito sono presenti \u201cpulsanti\u201d (denominati \u201csocial buttons\/widgets\u201d) che raffigurano le icone di social network o altri servizi (ad esempio Facebook, Twitter, Instagram ecc.). Questi bottoni consentono agli utenti che stanno navigando sul sito di interagire con un \u201cclick\u201d direttamente con i social network ivi raffigurati. Al fine di permettere agli utenti di conoscere modalit\u00e0 e finalit\u00e0 dei trattamenti delle informazioni degli utenti da parte delle terze parti, \u00e8 bene prendere visione delle informative privacy e delle cookie policy delle terze parti coinvolte. Nel caso specifico l\u2019utente pu\u00f2 visitare:  <a rel=\"noreferrer noopener\" href=\"https:\/\/www.facebook.com\/policy\/cookies\/\" target=\"_blank\">https:\/\/www.facebook.com\/policy\/cookies\/<\/a>, <a rel=\"noreferrer noopener\" href=\"https:\/\/help.twitter.com\/it\/rules-and-policies\/twitter-cookies\" target=\"_blank\">https:\/\/help.twitter.com\/it\/rules-and-policies\/twitter-cookies<\/a><a rel=\"noreferrer noopener\" href=\"https:\/\/instagram.com\/legal\/cookies\/\" target=\"_blank\">, https:\/\/instagram.com\/legal\/cookies\/<\/a>, <a rel=\"noreferrer noopener\" href=\"https:\/\/it.linkedin.com\/legal\/cookie-policy\" target=\"_blank\">https:\/\/it.linkedin.com\/legal\/cookie-policy<\/a>, <a rel=\"noreferrer noopener\" href=\"https:\/\/www.apple.com\/legal\/privacy\/it\/cookies\/\" target=\"_blank\">https:\/\/www.apple.com\/legal\/privacy\/it\/cookies\/<\/a> [per ITunes], <a rel=\"noreferrer noopener\" href=\"https:\/\/policies.google.com\/technologies\/cookies?hl=it\" target=\"_blank\"> https:\/\/policies.google.com\/technologies\/cookies?hl=it <\/a>[per Youtube]<\/p>\n\n\n\n<p><strong>2.Base giuridica del trattamento<\/strong><\/p>\n\n\n\n<p>I dati personali indicati in questa pagina sono trattati dall\u2019Ateneo nell\u2019esecuzione dei propri compiti di interesse pubblico o comunque connessi all\u2019esercizio dei propri pubblici poteri, ivi incluso il compito svolgere attivit\u00e0 di informazione e di comunicazione istituzionale ai sensi della legge n. 150\/2000 e del D.R. 271\/2009. La base giuridica per il trattamento dei cookie di profilazione o altri strumenti di tracciamento similari sopra descritti \u00e8 da rinvenirsi nel consenso di cui all\u2019art. 6, paragrafo 1, lett. a) del Regolamento (UE) 2016\/679.<\/p>\n\n\n\n<p><strong>3.Gestione dei cookies<\/strong><\/p>\n\n\n\n<p>La maggior parte dei browser accetta automaticamente i cookies, ma l\u2019utente normalmente pu\u00f2 modificare le impostazioni per disabilitare tale funzione. \u00c8 possibile bloccare tutte le tipologie di cookies, oppure accettare di riceverne soltanto alcuni e disabilitarne altri. Le sezioni \u201cOpzioni\u201d o \u201cPreferenze\u201d nel menu del browser permettono di evitare la ricezione di cookies e altre tecnologie di tracciamento utente, e come ottenere notifica dal browser dell\u2019attivazione di queste tecnologie. In alternativa, \u00e8 anche possibile consultare la sezione \u201cAiuto\u201d della barra degli strumenti presente nella maggior parte dei browser.<\/p>\n\n\n\n<p>Di seguito si indicano i link che spiegano come gestire o disabilitare i cookie per i browser Internet pi\u00f9 diffusi:<\/p>\n\n\n\n<p>\u2013 <a rel=\"noreferrer noopener\" href=\"https:\/\/support.microsoft.com\/it-it\/microsoft-edge\/eliminare-i-cookie-in-microsoft-edge-63947406-40ac-c3b8-57b9-2a946a29ae09\" target=\"_blank\">Microsoft Edge<\/a> \u2013 <a href=\"https:\/\/support.google.com\/chrome\/answer\/95647\">Google Chrome<\/a> \u2013 <a rel=\"noreferrer noopener\" href=\"http:\/\/support.mozilla.org\/it\/kb\/Gestione%20dei%20cookie\" target=\"_blank\">Mozilla Firefox<\/a> \u2013 <a href=\"http:\/\/help.opera.com\/Windows\/10.00\/it\/cookies.html\">Opera <\/a>\u2013 <a href=\"https:\/\/support.apple.com\/it-it\/guide\/safari\/sfri11471\/mac\" target=\"_blank\" rel=\"noreferrer noopener\">Safari<\/a><\/p>\n\n\n\n<p>Per maggiori informazioni sui cookie e sulle loro funzioni generali, visita un sito Web informativo come <a href=\"http:\/\/www.allaboutcookies.org\">www.allaboutcookies.org<\/a> oppure <a href=\"http:\/\/www.garanteprivacy.it\/faq\/cookie\" target=\"_blank\" rel=\"noreferrer noopener\">www.garanteprivacy.it\/faq\/cookie<\/a>.<\/p>\n\n\n\n<p>La disabilitazione dei cookies potrebbe limitare la possibilit\u00e0 di usare un sito e impedire di beneficiare in pieno delle funzionalit\u00e0 e dei servizi.<\/p>\n","protected":false},"excerpt":{"rendered":"<p>Cookie Policy La presente Cookie Policy \u00e8 relativa al sito https:\/\/formaggia.faculty.polimi.it\/ gestito dal Dipartimento di Matematica del Politecnico di Milano, P.IVA 04376620151, C.F. 80057930150. I cookies sono stringhe di testo di piccole dimensioni inviate all\u2019utente del sito web visitato, che vengono memorizzati nel device degli utenti e consentono al sito web di riconoscere gli utenti [&hellip;]<\/p>\n","protected":false},"author":2,"featured_media":0,"parent":0,"menu_order":0,"comment_status":"closed","ping_status":"closed","template":"","meta":{"footnotes":""},"class_list":["post-20","page","type-page","status-publish","czr-hentry"],"_links":{"self":[{"href":"https:\/\/formaggia.faculty.polimi.it\/index.php?rest_route=\/wp\/v2\/pages\/20","targetHints":{"allow":["GET"]}}],"collection":[{"href":"https:\/\/formaggia.faculty.polimi.it\/index.php?rest_route=\/wp\/v2\/pages"}],"about":[{"href":"https:\/\/formaggia.faculty.polimi.it\/index.php?rest_route=\/wp\/v2\/types\/page"}],"author":[{"embeddable":true,"href":"https:\/\/formaggia.faculty.polimi.it\/index.php?rest_route=\/wp\/v2\/users\/2"}],"replies":[{"embeddable":true,"href":"https:\/\/formaggia.faculty.polimi.it\/index.php?rest_route=%2Fwp%2Fv2%2Fcomments&post=20"}],"version-history":[{"count":1,"href":"https:\/\/formaggia.faculty.polimi.it\/index.php?rest_route=\/wp\/v2\/pages\/20\/revisions"}],"predecessor-version":[{"id":21,"href":"https:\/\/formaggia.faculty.polimi.it\/index.php?rest_route=\/wp\/v2\/pages\/20\/revisions\/21"}],"wp:attachment":[{"href":"https:\/\/formaggia.faculty.polimi.it\/index.php?rest_route=%2Fwp%2Fv2%2Fmedia&parent=20"}],"curies":[{"name":"wp","href":"https:\/\/api.w.org\/{rel}","templated":true}]}}